{"id":1558,"date":"2012-04-04T09:45:23","date_gmt":"2012-04-04T09:45:23","guid":{"rendered":"http:\/\/finalroundgames.wordpress.com\/?page_id=2"},"modified":"2012-04-04T09:45:23","modified_gmt":"2012-04-04T09:45:23","slug":"acerca-de","status":"publish","type":"page","link":"https:\/\/www.manquepierda.com\/finalround\/acerca-de\/","title":{"rendered":"\u00bfFinal&#8230;Qu\u00e9?"},"content":{"rendered":"<p><a href=\"http:\/\/www.manquepierda.com\/finalround\/files\/2012\/04\/mario-welcome.png\"><img loading=\"lazy\" decoding=\"async\" class=\"alignleft  wp-image-84\" src=\"http:\/\/www.manquepierda.com\/finalround\/files\/2012\/04\/mario-welcome.png\" alt=\"\" width=\"122\" height=\"164\" srcset=\"https:\/\/www.manquepierda.com\/finalround\/files\/2012\/04\/mario-welcome.png 1174w, https:\/\/www.manquepierda.com\/finalround\/files\/2012\/04\/mario-welcome-222x300.png 222w, https:\/\/www.manquepierda.com\/finalround\/files\/2012\/04\/mario-welcome-760x1024.png 760w\" sizes=\"auto, (max-width: 122px) 100vw, 122px\" \/><\/a><\/p>\n<p>Bienvenido a <strong>Final Round<\/strong>, <strong>el blog m\u00e1s cachond\u00f3n del mundo de los videojuegos<\/strong>. Lo importante de este proyecto <strong>eres t\u00fa<\/strong> y todo gira en torno a ti. De hecho, hasta el propio nombre del blog nace de la participaci\u00f3n de los lectores. La intenci\u00f3n es la de ser una entrada al mundo de <strong>los videojuegos desde la perspectiva menos profesional<\/strong> que te puedas imaginar. S\u00ed, s\u00ed, has le\u00eddo bien, LA PERSPECTIVA MENOS PROFESIONAL. Pero no te quedes ah\u00ed. Pasa:<\/p>\n<p>Nada m\u00e1s entrar, te encontrar\u00e1s <strong>el &#8216;Hall&#8217;<\/strong>, donde ver\u00e1s el acceso al resto de &#8216;estancias&#8217; y sabr\u00e1s si Final Round va contigo o no. <strong>\u00a1\u00a1Espero que sea que s\u00ed!!<\/strong> Si avanzas un poco, te encontrar\u00e1s con<strong> el Sal\u00f3n de los Reportajes<\/strong>, un sitio acogedor, donde se sale un poco del t\u00f3pico de las noticias y los an\u00e1lisis de los videojuegos. <strong>El lugar id\u00f3neo para echarse unas risas.<a href=\"http:\/\/www.manquepierda.com\/finalround\/files\/2012\/04\/pac-man-video-game-icon.jpg\"><img loading=\"lazy\" decoding=\"async\" class=\"alignright  wp-image-86\" src=\"http:\/\/www.manquepierda.com\/finalround\/files\/2012\/04\/pac-man-video-game-icon.jpg\" alt=\"\" width=\"140\" height=\"143\" srcset=\"https:\/\/www.manquepierda.com\/finalround\/files\/2012\/04\/pac-man-video-game-icon.jpg 390w, https:\/\/www.manquepierda.com\/finalround\/files\/2012\/04\/pac-man-video-game-icon-293x300.jpg 293w\" sizes=\"auto, (max-width: 140px) 100vw, 140px\" \/><\/a><\/strong><\/p>\n<p>Pero hay m\u00e1s. M\u00e1s adelante, tenemos varios lugares:<strong> los An\u00e1lisis<\/strong>, donde destripamos c\u00f3mo es un juego con informaci\u00f3n entre carcajada y carcajada&#8230;<strong>Las Friki Pills<\/strong>, la mejor forma de entender el mundo Friki que rodea a los videojuegos de la mano de <strong>Daniel Collado<\/strong>&#8230;Un vistazo a los juegos que marcaron \u00e9poca en <strong>el An\u00e1lisis Retro<\/strong>&#8230;<strong>El Caj\u00f3n de Sastre de las Curiosidades<\/strong>&#8230;.<br \/>\n<a href=\"http:\/\/www.manquepierda.com\/finalround\/files\/2012\/04\/sonic.jpg\"><img loading=\"lazy\" decoding=\"async\" class=\"alignleft  wp-image-85\" src=\"http:\/\/www.manquepierda.com\/finalround\/files\/2012\/04\/sonic.jpg\" alt=\"\" width=\"137\" height=\"172\" srcset=\"https:\/\/www.manquepierda.com\/finalround\/files\/2012\/04\/sonic.jpg 380w, https:\/\/www.manquepierda.com\/finalround\/files\/2012\/04\/sonic-239x300.jpg 239w\" sizes=\"auto, (max-width: 137px) 100vw, 137px\" \/><\/a>No me enrollo m\u00e1s. Ahora, si\u00e9ntate, t\u00f3mate algo, y disfruta de tu estancia. <strong>Si necesitas cualquier cosa, me tienes en &#8216;Contacto&#8217;<\/strong>. Aqu\u00ed podr\u00edas contarme todo lo que quieras: <strong>Sugerencias, propuestas, an\u00e1lisis, noticias, tus aportaciones<\/strong>&#8230;<\/p>\n<p>\u00a1Ah! Por si os perd\u00e9is, ahora mismo est\u00e1is en la terraza: <strong>\u00bfFinal&#8230;Qu\u00e9?<\/strong> El lugar donde saber de qu\u00e9 va este tinglado del universo paralelo de los videojuegos. <strong>\u00a1PASADLO BIEN Y FELIZ ESTANCIA EN FINAL ROUND!<\/strong><\/p>\n","protected":false},"excerpt":{"rendered":"<p>Bienvenido a Final Round, el blog m\u00e1s cachond\u00f3n del mundo de los videojuegos. Lo importante de este proyecto eres t\u00fa y todo gira en torno a ti. De hecho, hasta el propio nombre del blog nace de la participaci\u00f3n de los lectores. La intenci\u00f3n es la de ser una entrada al mundo de los videojuegos [&hellip;]<\/p>\n","protected":false},"author":238,"featured_media":0,"parent":0,"menu_order":0,"comment_status":"closed","ping_status":"closed","template":"","meta":{"jetpack_post_was_ever_published":false,"footnotes":""},"class_list":["post-1558","page","type-page","status-publish","hentry"],"jetpack_shortlink":"https:\/\/wp.me\/P2Yjlv-p8","jetpack_sharing_enabled":false,"_links":{"self":[{"href":"https:\/\/www.manquepierda.com\/finalround\/wp-json\/wp\/v2\/pages\/1558","targetHints":{"allow":["GET"]}}],"collection":[{"href":"https:\/\/www.manquepierda.com\/finalround\/wp-json\/wp\/v2\/pages"}],"about":[{"href":"https:\/\/www.manquepierda.com\/finalround\/wp-json\/wp\/v2\/types\/page"}],"author":[{"embeddable":true,"href":"https:\/\/www.manquepierda.com\/finalround\/wp-json\/wp\/v2\/users\/238"}],"replies":[{"embeddable":true,"href":"https:\/\/www.manquepierda.com\/finalround\/wp-json\/wp\/v2\/comments?post=1558"}],"version-history":[{"count":0,"href":"https:\/\/www.manquepierda.com\/finalround\/wp-json\/wp\/v2\/pages\/1558\/revisions"}],"wp:attachment":[{"href":"https:\/\/www.manquepierda.com\/finalround\/wp-json\/wp\/v2\/media?parent=1558"}],"curies":[{"name":"wp","href":"https:\/\/api.w.org\/{rel}","templated":true}]}}