{"id":24,"date":"2012-04-04T12:30:58","date_gmt":"2012-04-04T12:30:58","guid":{"rendered":"http:\/\/finalroundgames.wordpress.com\/?page_id=24"},"modified":"2012-04-04T12:30:58","modified_gmt":"2012-04-04T12:30:58","slug":"contacto","status":"publish","type":"page","link":"https:\/\/www.manquepierda.com\/finalround\/contacto\/","title":{"rendered":"Contacto"},"content":{"rendered":"<p><a href=\"http:\/\/www.manquepierda.com\/finalround\/files\/2012\/04\/cartero-errante.png\"><img loading=\"lazy\" decoding=\"async\" class=\"alignright  wp-image-89\" src=\"http:\/\/www.manquepierda.com\/finalround\/files\/2012\/04\/cartero-errante.png\" alt=\"\" width=\"136\" height=\"287\" \/><\/a>En Final Round <strong>la parte fundamental del proyecto eres t\u00fa<\/strong>. Queremos que te sientas como pez en el agua. Como en casa, vamos. Por eso, si tienes cualquier <strong>sugerencia, petici\u00f3n, queja, cr\u00edtica o simplemente quieres que tus ideas aparezcan<\/strong> publicadas, no lo dudes. <strong>Contacta con nosotros: finalroundgames@gmail.com<\/strong><\/p>\n","protected":false},"excerpt":{"rendered":"<p>En Final Round la parte fundamental del proyecto eres t\u00fa. Queremos que te sientas como pez en el agua. Como en casa, vamos. Por eso, si tienes cualquier sugerencia, petici\u00f3n, queja, cr\u00edtica o simplemente quieres que tus ideas aparezcan publicadas, no lo dudes. Contacta con nosotros: finalroundgames@gmail.com<\/p>\n","protected":false},"author":238,"featured_media":0,"parent":0,"menu_order":4,"comment_status":"closed","ping_status":"closed","template":"","meta":{"footnotes":""},"class_list":["post-24","page","type-page","status-publish","hentry"],"jetpack_shortlink":"https:\/\/wp.me\/P2Yjlv-o","jetpack_sharing_enabled":false,"_links":{"self":[{"href":"https:\/\/www.manquepierda.com\/finalround\/wp-json\/wp\/v2\/pages\/24","targetHints":{"allow":["GET"]}}],"collection":[{"href":"https:\/\/www.manquepierda.com\/finalround\/wp-json\/wp\/v2\/pages"}],"about":[{"href":"https:\/\/www.manquepierda.com\/finalround\/wp-json\/wp\/v2\/types\/page"}],"author":[{"embeddable":true,"href":"https:\/\/www.manquepierda.com\/finalround\/wp-json\/wp\/v2\/users\/238"}],"replies":[{"embeddable":true,"href":"https:\/\/www.manquepierda.com\/finalround\/wp-json\/wp\/v2\/comments?post=24"}],"version-history":[{"count":0,"href":"https:\/\/www.manquepierda.com\/finalround\/wp-json\/wp\/v2\/pages\/24\/revisions"}],"wp:attachment":[{"href":"https:\/\/www.manquepierda.com\/finalround\/wp-json\/wp\/v2\/media?parent=24"}],"curies":[{"name":"wp","href":"https:\/\/api.w.org\/{rel}","templated":true}]}}