{"id":145,"date":"2012-06-21T13:52:26","date_gmt":"2012-06-21T11:52:26","guid":{"rendered":"http:\/\/www.manquepierda.com\/social\/?page_id=145"},"modified":"2018-02-21T13:31:55","modified_gmt":"2018-02-21T11:31:55","slug":"cual-es-tu-betistoria","status":"publish","type":"page","link":"https:\/\/www.manquepierda.com\/social\/cual-es-tu-betistoria\/","title":{"rendered":"Escribe para los b\u00e9ticos"},"content":{"rendered":"<p>[wpuf_form id=&#8221;708&#8243;]<\/p>\n","protected":false},"excerpt":{"rendered":"<p>[wpuf_form id=&#8221;708&#8243;]<\/p>\n","protected":false},"author":1,"featured_media":0,"parent":0,"menu_order":0,"comment_status":"closed","ping_status":"closed","template":"","meta":{"_kadence_starter_templates_imported_post":false,"_kad_post_transparent":"","_kad_post_title":"","_kad_post_layout":"","_kad_post_sidebar_id":"","_kad_post_content_style":"","_kad_post_vertical_padding":"","_kad_post_feature":"","_kad_post_feature_position":"","_kad_post_header":false,"_kad_post_footer":false,"_kad_post_classname":"","footnotes":""},"class_list":["post-145","page","type-page","status-publish","hentry"],"yoast_head":"<!-- This site is optimized with the Yoast SEO plugin v27.3 - https:\/\/yoast.com\/product\/yoast-seo-wordpress\/ -->\n<title>Escribe para los b\u00e9ticos - SoydelBetis<\/title>\n<meta name=\"robots\" content=\"index, follow, max-snippet:-1, max-image-preview:large, max-video-preview:-1\" \/>\n<link rel=\"canonical\" href=\"https:\/\/www.manquepierda.com\/social\/cual-es-tu-betistoria\/\" \/>\n<script type=\"application\/ld+json\" class=\"yoast-schema-graph\">{\"@context\":\"https:\\\/\\\/schema.org\",\"@graph\":[{\"@type\":\"WebPage\",\"@id\":\"https:\\\/\\\/www.manquepierda.com\\\/social\\\/cual-es-tu-betistoria\\\/\",\"url\":\"https:\\\/\\\/www.manquepierda.com\\\/social\\\/cual-es-tu-betistoria\\\/\",\"name\":\"Escribe para los b\u00e9ticos - SoydelBetis\",\"isPartOf\":{\"@id\":\"https:\\\/\\\/www.manquepierda.com\\\/social\\\/#website\"},\"datePublished\":\"2012-06-21T11:52:26+00:00\",\"dateModified\":\"2018-02-21T11:31:55+00:00\",\"breadcrumb\":{\"@id\":\"https:\\\/\\\/www.manquepierda.com\\\/social\\\/cual-es-tu-betistoria\\\/#breadcrumb\"},\"inLanguage\":\"es\",\"potentialAction\":[{\"@type\":\"ReadAction\",\"target\":[\"https:\\\/\\\/www.manquepierda.com\\\/social\\\/cual-es-tu-betistoria\\\/\"]}]},{\"@type\":\"BreadcrumbList\",\"@id\":\"https:\\\/\\\/www.manquepierda.com\\\/social\\\/cual-es-tu-betistoria\\\/#breadcrumb\",\"itemListElement\":[{\"@type\":\"ListItem\",\"position\":1,\"name\":\"Home\",\"item\":\"https:\\\/\\\/www.manquepierda.com\\\/social\\\/\"},{\"@type\":\"ListItem\",\"position\":2,\"name\":\"Escribe para los b\u00e9ticos\"}]},{\"@type\":\"WebSite\",\"@id\":\"https:\\\/\\\/www.manquepierda.com\\\/social\\\/#website\",\"url\":\"https:\\\/\\\/www.manquepierda.com\\\/social\\\/\",\"name\":\"SoydelBetis\",\"description\":\"Tu comunidad en verdiblanco\",\"publisher\":{\"@id\":\"https:\\\/\\\/www.manquepierda.com\\\/social\\\/#organization\"},\"potentialAction\":[{\"@type\":\"SearchAction\",\"target\":{\"@type\":\"EntryPoint\",\"urlTemplate\":\"https:\\\/\\\/www.manquepierda.com\\\/social\\\/?s={search_term_string}\"},\"query-input\":{\"@type\":\"PropertyValueSpecification\",\"valueRequired\":true,\"valueName\":\"search_term_string\"}}],\"inLanguage\":\"es\"},{\"@type\":\"Organization\",\"@id\":\"https:\\\/\\\/www.manquepierda.com\\\/social\\\/#organization\",\"name\":\"SoydelBetis\",\"url\":\"https:\\\/\\\/www.manquepierda.com\\\/social\\\/\",\"logo\":{\"@type\":\"ImageObject\",\"inLanguage\":\"es\",\"@id\":\"https:\\\/\\\/www.manquepierda.com\\\/social\\\/#\\\/schema\\\/logo\\\/image\\\/\",\"url\":\"https:\\\/\\\/i0.wp.com\\\/www.manquepierda.com\\\/social\\\/files\\\/2024\\\/07\\\/cropped-299033494_937551827191460_3470560740234219694_n.jpg?fit=1080%2C1080&ssl=1\",\"contentUrl\":\"https:\\\/\\\/i0.wp.com\\\/www.manquepierda.com\\\/social\\\/files\\\/2024\\\/07\\\/cropped-299033494_937551827191460_3470560740234219694_n.jpg?fit=1080%2C1080&ssl=1\",\"width\":1080,\"height\":1080,\"caption\":\"SoydelBetis\"},\"image\":{\"@id\":\"https:\\\/\\\/www.manquepierda.com\\\/social\\\/#\\\/schema\\\/logo\\\/image\\\/\"}}]}<\/script>\n<!-- \/ Yoast SEO plugin. -->","yoast_head_json":{"title":"Escribe para los b\u00e9ticos - SoydelBetis","robots":{"index":"index","follow":"follow","max-snippet":"max-snippet:-1","max-image-preview":"max-image-preview:large","max-video-preview":"max-video-preview:-1"},"canonical":"https:\/\/www.manquepierda.com\/social\/cual-es-tu-betistoria\/","schema":{"@context":"https:\/\/schema.org","@graph":[{"@type":"WebPage","@id":"https:\/\/www.manquepierda.com\/social\/cual-es-tu-betistoria\/","url":"https:\/\/www.manquepierda.com\/social\/cual-es-tu-betistoria\/","name":"Escribe para los b\u00e9ticos - SoydelBetis","isPartOf":{"@id":"https:\/\/www.manquepierda.com\/social\/#website"},"datePublished":"2012-06-21T11:52:26+00:00","dateModified":"2018-02-21T11:31:55+00:00","breadcrumb":{"@id":"https:\/\/www.manquepierda.com\/social\/cual-es-tu-betistoria\/#breadcrumb"},"inLanguage":"es","potentialAction":[{"@type":"ReadAction","target":["https:\/\/www.manquepierda.com\/social\/cual-es-tu-betistoria\/"]}]},{"@type":"BreadcrumbList","@id":"https:\/\/www.manquepierda.com\/social\/cual-es-tu-betistoria\/#breadcrumb","itemListElement":[{"@type":"ListItem","position":1,"name":"Home","item":"https:\/\/www.manquepierda.com\/social\/"},{"@type":"ListItem","position":2,"name":"Escribe para los b\u00e9ticos"}]},{"@type":"WebSite","@id":"https:\/\/www.manquepierda.com\/social\/#website","url":"https:\/\/www.manquepierda.com\/social\/","name":"SoydelBetis","description":"Tu comunidad en verdiblanco","publisher":{"@id":"https:\/\/www.manquepierda.com\/social\/#organization"},"potentialAction":[{"@type":"SearchAction","target":{"@type":"EntryPoint","urlTemplate":"https:\/\/www.manquepierda.com\/social\/?s={search_term_string}"},"query-input":{"@type":"PropertyValueSpecification","valueRequired":true,"valueName":"search_term_string"}}],"inLanguage":"es"},{"@type":"Organization","@id":"https:\/\/www.manquepierda.com\/social\/#organization","name":"SoydelBetis","url":"https:\/\/www.manquepierda.com\/social\/","logo":{"@type":"ImageObject","inLanguage":"es","@id":"https:\/\/www.manquepierda.com\/social\/#\/schema\/logo\/image\/","url":"https:\/\/i0.wp.com\/www.manquepierda.com\/social\/files\/2024\/07\/cropped-299033494_937551827191460_3470560740234219694_n.jpg?fit=1080%2C1080&ssl=1","contentUrl":"https:\/\/i0.wp.com\/www.manquepierda.com\/social\/files\/2024\/07\/cropped-299033494_937551827191460_3470560740234219694_n.jpg?fit=1080%2C1080&ssl=1","width":1080,"height":1080,"caption":"SoydelBetis"},"image":{"@id":"https:\/\/www.manquepierda.com\/social\/#\/schema\/logo\/image\/"}}]}},"jetpack_shortlink":"https:\/\/wp.me\/P2xxmM-2l","jetpack_sharing_enabled":true,"jetpack-related-posts":[{"id":65,"url":"https:\/\/www.manquepierda.com\/social\/beticos-sociales\/","url_meta":{"origin":145,"position":0},"title":"B\u00e9ticos","author":"Manquepierda","date":"21 noviembre, 2011","format":false,"excerpt":"","rel":"","context":"Entrada similar","block_context":{"text":"Entrada similar","link":""},"img":{"alt_text":"","src":"","width":0,"height":0},"classes":[]},{"id":51,"url":"https:\/\/www.manquepierda.com\/social\/fotos-beticas\/","url_meta":{"origin":145,"position":1},"title":"Fotos B\u00e9ticas","author":"Manquepierda","date":"2 noviembre, 2011","format":false,"excerpt":"","rel":"","context":"Entrada similar","block_context":{"text":"Entrada similar","link":""},"img":{"alt_text":"","src":"","width":0,"height":0},"classes":[]},{"id":554,"url":"https:\/\/www.manquepierda.com\/social\/blog-del-beticismo\/","url_meta":{"origin":145,"position":2},"title":"Tu noticias","author":"Selu Vega","date":"19 julio, 2014","format":false,"excerpt":"","rel":"","context":"Entrada similar","block_context":{"text":"Entrada similar","link":""},"img":{"alt_text":"","src":"https:\/\/i0.wp.com\/www.manquepierda.com\/social\/files\/2011\/11\/banneriniciomanquepierda.jpg?fit=599%2C420&ssl=1&resize=350%2C200","width":350,"height":200,"srcset":"https:\/\/i0.wp.com\/www.manquepierda.com\/social\/files\/2011\/11\/banneriniciomanquepierda.jpg?fit=599%2C420&ssl=1&resize=350%2C200 1x, https:\/\/i0.wp.com\/www.manquepierda.com\/social\/files\/2011\/11\/banneriniciomanquepierda.jpg?fit=599%2C420&ssl=1&resize=525%2C300 1.5x"},"classes":[]},{"id":715,"url":"https:\/\/www.manquepierda.com\/social\/registration\/","url_meta":{"origin":145,"position":3},"title":"Registration","author":"Selu Vega","date":"30 junio, 2015","format":false,"excerpt":"[wpuf_profile type=\"registration\" id=\"705\"]","rel":"","context":"Entrada similar","block_context":{"text":"Entrada similar","link":""},"img":{"alt_text":"","src":"","width":0,"height":0},"classes":[]},{"id":660,"url":"https:\/\/www.manquepierda.com\/social\/politica-de-cookies\/","url_meta":{"origin":145,"position":4},"title":"Pol\u00edtica de cookies","author":"Selu Vega","date":"19 septiembre, 2014","format":false,"excerpt":"Pol\u00edtica de cookies Una cookie es un peque\u00f1o fichero de texto que se almacena en su navegador cuando visita casi cualquier p\u00e1gina web. Su utilidad es que la web sea capaz de recordar su visita cuando vuelva a navegar por esa p\u00e1gina. Las cookies suelen almacenar informaci\u00f3n de car\u00e1cter t\u00e9cnico,\u2026","rel":"","context":"Entrada similar","block_context":{"text":"Entrada similar","link":""},"img":{"alt_text":"","src":"","width":0,"height":0},"classes":[]},{"id":659,"url":"https:\/\/www.manquepierda.com\/social\/mas-informacion-sobre-las-cookies\/","url_meta":{"origin":145,"position":5},"title":"M\u00e1s informaci\u00f3n sobre las cookies","author":"Selu Vega","date":"19 septiembre, 2014","format":false,"excerpt":"\u00bfQu\u00e9 es una cookie? Una cookie es un fichero de texto inofensivo que se almacena en su navegador cuando visita casi cualquier p\u00e1gina web. La utilidad de la cookie es que la web sea capaz de recordar su visita cuando vuelva a navegar por esa p\u00e1gina. Aunque mucha gente no\u2026","rel":"","context":"Entrada similar","block_context":{"text":"Entrada similar","link":""},"img":{"alt_text":"","src":"","width":0,"height":0},"classes":[]}],"_links":{"self":[{"href":"https:\/\/www.manquepierda.com\/social\/wp-json\/wp\/v2\/pages\/145","targetHints":{"allow":["GET"]}}],"collection":[{"href":"https:\/\/www.manquepierda.com\/social\/wp-json\/wp\/v2\/pages"}],"about":[{"href":"https:\/\/www.manquepierda.com\/social\/wp-json\/wp\/v2\/types\/page"}],"author":[{"embeddable":true,"href":"https:\/\/www.manquepierda.com\/social\/wp-json\/wp\/v2\/users\/1"}],"replies":[{"embeddable":true,"href":"https:\/\/www.manquepierda.com\/social\/wp-json\/wp\/v2\/comments?post=145"}],"version-history":[{"count":0,"href":"https:\/\/www.manquepierda.com\/social\/wp-json\/wp\/v2\/pages\/145\/revisions"}],"wp:attachment":[{"href":"https:\/\/www.manquepierda.com\/social\/wp-json\/wp\/v2\/media?parent=145"}],"curies":[{"name":"wp","href":"https:\/\/api.w.org\/{rel}","templated":true}]}}